{"id":25265,"date":"2021-01-29T06:07:03","date_gmt":"2021-01-29T06:07:03","guid":{"rendered":"https:\/\/rubenferre.com\/index.php\/about-me\/"},"modified":"2023-09-15T10:24:27","modified_gmt":"2023-09-15T08:24:27","slug":"about-me","status":"publish","type":"page","link":"https:\/\/rubenferre.com\/index.php\/about-me\/","title":{"rendered":"Sobre mi"},"content":{"rendered":"\n<div class=\"wp-block-cover alignfull\" style=\"min-height:600px\"><span aria-hidden=\"true\" class=\"wp-block-cover__background has-ast-global-color-3-background-color has-background-dim-80 has-background-dim\"><\/span><img decoding=\"async\" loading=\"lazy\" width=\"1640\" height=\"924\" class=\"wp-block-cover__image-background wp-image-25566\" alt=\"\" src=\"https:\/\/rubenferre.com\/wp-content\/uploads\/2023\/09\/Diseno-sin-titulo-25.png\" data-object-fit=\"cover\" srcset=\"https:\/\/rubenferre.com\/wp-content\/uploads\/2023\/09\/Diseno-sin-titulo-25.png 1640w, https:\/\/rubenferre.com\/wp-content\/uploads\/2023\/09\/Diseno-sin-titulo-25-300x169.png 300w, https:\/\/rubenferre.com\/wp-content\/uploads\/2023\/09\/Diseno-sin-titulo-25-1024x577.png 1024w, https:\/\/rubenferre.com\/wp-content\/uploads\/2023\/09\/Diseno-sin-titulo-25-768x433.png 768w, https:\/\/rubenferre.com\/wp-content\/uploads\/2023\/09\/Diseno-sin-titulo-25-1536x865.png 1536w, https:\/\/rubenferre.com\/wp-content\/uploads\/2023\/09\/Diseno-sin-titulo-25-600x338.png 600w\" sizes=\"(max-width: 1640px) 100vw, 1640px\" \/><div class=\"wp-block-cover__inner-container is-layout-flow wp-block-cover-is-layout-flow\">\n<h1 class=\"wp-block-heading has-text-align-center\" style=\"font-style:normal;font-weight:600\">Mi Historia<\/h1>\n\n\n\n<p class=\"has-text-align-center\"><\/p>\n<\/div><\/div>\n\n\n\n<div class=\"inherit-container-width wp-block-group alignfull has-ast-global-color-5-background-color has-background is-layout-constrained wp-block-group-is-layout-constrained\"><div class=\"wp-block-group__inner-container\">\n<div class=\"wp-block-cover\" style=\"min-height:550px\"><span aria-hidden=\"true\" class=\"wp-block-cover__background has-ast-global-color-5-background-color has-background-dim-60 has-background-dim\"><\/span><img decoding=\"async\" loading=\"lazy\" width=\"1920\" height=\"1080\" class=\"wp-block-cover__image-background wp-image-25235\" alt=\"\" src=\"http:\/\/rubenferre.com\/wp-content\/uploads\/2020\/02\/office-premises.jpg\" data-object-fit=\"cover\" srcset=\"https:\/\/rubenferre.com\/wp-content\/uploads\/2020\/02\/office-premises.jpg 1920w, https:\/\/rubenferre.com\/wp-content\/uploads\/2020\/02\/office-premises-300x169.jpg 300w, https:\/\/rubenferre.com\/wp-content\/uploads\/2020\/02\/office-premises-1024x576.jpg 1024w, https:\/\/rubenferre.com\/wp-content\/uploads\/2020\/02\/office-premises-768x432.jpg 768w, https:\/\/rubenferre.com\/wp-content\/uploads\/2020\/02\/office-premises-1536x864.jpg 1536w, https:\/\/rubenferre.com\/wp-content\/uploads\/2020\/02\/office-premises-600x338.jpg 600w\" sizes=\"(max-width: 1920px) 100vw, 1920px\" \/><div class=\"wp-block-cover__inner-container is-layout-flow wp-block-cover-is-layout-flow\">\n<div class=\"wp-block-buttons is-horizontal is-content-justification-center is-layout-flex wp-container-2 wp-block-buttons-is-layout-flex\">\n<div class=\"wp-block-button\"><a class=\"wp-block-button__link has-ast-global-color-5-color has-ast-global-color-2-background-color has-text-color has-background wp-element-button\">Ver V\u00eddeo<\/a><\/div>\n<\/div>\n<\/div><\/div>\n<\/div><\/div>\n\n\n\n<div class=\"inherit-container-width wp-block-group alignfull has-ast-global-color-5-background-color has-background is-layout-constrained wp-block-group-is-layout-constrained\"><div class=\"wp-block-group__inner-container\">\n<p><strong>Desde el comienzo de mi carrera, siempre fui un joven con una mente inquieta y desafiante. A pesar de graduarme en Publicidad y Relaciones P\u00fablicas a los 25 a\u00f1os, albergaba numerosas ambiciones e ideas creativas en mi interior. Mis primeros empleos, como camarero y dependiente en una conocida cadena de muebles, me brindaron experiencias valiosas, pero tambi\u00e9n me hicieron sentir limitado tanto a nivel personal como profesional.<\/strong><\/p>\n\n\n\n<p><strong>A los 27 a\u00f1os, tras perseverar incansablemente y golpear incontables puertas, finalmente encontr\u00e9 mi verdadera pasi\u00f3n en el mundo de la comunicaci\u00f3n. Fue entonces cuando decid\u00ed especializarme en Comunicaci\u00f3n Social y Pol\u00edtica, reconociendo el incre\u00edble poder de la comunicaci\u00f3n pol\u00edtica en la persuasi\u00f3n y la transformaci\u00f3n social.<\/strong><\/p>\n\n\n\n<p><strong>Dentro de mi campo de especializaci\u00f3n, pronto me di cuenta del poder y el potencial de construir una marca personal s\u00f3lida. Comprend\u00ed que esta marca personal no solo pod\u00eda impulsar mi propia carrera, sino que tambi\u00e9n ten\u00eda el poder de generar ingresos significativos. Investigu\u00e9, aprend\u00ed y me form\u00e9 incansablemente hasta que finalmente fund\u00e9 mi propia agencia de marca personal, Viralmedia.<\/strong><\/p>\n\n\n\n<p><strong>A trav\u00e9s de <em>Viralmedia<\/em>, tengo el privilegio de ayudar a cientos de individuos a convertir su pasi\u00f3n en su estilo de vida. Les brindo las herramientas y estrategias necesarias para trabajar desde cualquier lugar del mundo y, en muchos casos, alcanzar ingresos de cuatro cifras mensuales. Mi misi\u00f3n es empoderar a otros a alcanzar sus metas profesionales y personales a trav\u00e9s de la comunicaci\u00f3n efectiva y la construcci\u00f3n de marcas personales s\u00f3lidas.<\/strong><\/p>\n\n\n\n<div class=\"wp-block-cover\" style=\"min-height:275px\"><span aria-hidden=\"true\" class=\"wp-block-cover__background has-ast-global-color-0-background-color has-background-dim-100 has-background-dim\"><\/span><div class=\"wp-block-cover__inner-container is-layout-flow wp-block-cover-is-layout-flow\">\n<h3 class=\"wp-block-heading has-text-align-center\">\u00bfQuieres que te ayude?<\/h3>\n\n\n\n<p class=\"has-text-align-center\">\u00a1M\u00e1ndame un mensaje!<\/p>\n\n\n\n<div class=\"wp-block-buttons is-horizontal is-content-justification-center is-layout-flex wp-container-5 wp-block-buttons-is-layout-flex\">\n<div class=\"wp-block-button\"><a class=\"wp-block-button__link has-white-color has-ast-global-color-1-background-color has-text-color has-background wp-element-button\">Contacta<\/a><\/div>\n<\/div>\n<\/div><\/div>\n<\/div><\/div>\n\n\n\n<div class=\"inherit-container-width wp-block-group alignfull has-ast-global-color-5-background-color has-background is-layout-constrained wp-block-group-is-layout-constrained\"><div class=\"wp-block-group__inner-container\">\n<h3 class=\"wp-block-heading has-text-align-center\">Brands I worked with<\/h3>\n\n\n\n<figure class=\"wp-block-gallery has-nested-images columns-5 wp-block-gallery-8 is-layout-flex wp-block-gallery-is-layout-flex\">\n<figure class=\"wp-block-image size-large\"><img decoding=\"async\" src=\"https:\/\/rubenferre.com\/wp-content\/uploads\/2021\/03\/logo-4.svg\" alt=\"\" class=\"wp-image-25451\"\/><\/figure>\n\n\n\n<figure class=\"wp-block-image size-large\"><img decoding=\"async\" src=\"https:\/\/rubenferre.com\/wp-content\/uploads\/2021\/03\/logo-5.svg\" alt=\"\" class=\"wp-image-25452\"\/><\/figure>\n\n\n\n<figure class=\"wp-block-image size-large\"><img decoding=\"async\" src=\"https:\/\/rubenferre.com\/wp-content\/uploads\/2021\/03\/logo-2.svg\" alt=\"\" class=\"wp-image-25449\"\/><\/figure>\n\n\n\n<figure class=\"wp-block-image size-large\"><img decoding=\"async\" src=\"https:\/\/rubenferre.com\/wp-content\/uploads\/2021\/03\/logo-3.svg\" alt=\"\" class=\"wp-image-25450\"\/><\/figure>\n\n\n\n<figure class=\"wp-block-image size-large\"><img decoding=\"async\" src=\"https:\/\/rubenferre.com\/wp-content\/uploads\/2021\/03\/logo-1.svg\" alt=\"\" class=\"wp-image-25448\"\/><\/figure>\n<\/figure>\n<\/div><\/div>\n\n\n\n<div class=\"inherit-container-width wp-block-group alignfull has-ast-global-color-0-background-color has-background is-layout-constrained wp-block-group-is-layout-constrained\"><div class=\"wp-block-group__inner-container\">\n<div class=\"wp-block-columns alignwide is-layout-flex wp-container-15 wp-block-columns-is-layout-flex\">\n<div class=\"wp-block-column is-layout-flow wp-block-column-is-layout-flow\">\n<h2 class=\"wp-block-heading has-text-align-center has-white-color has-text-color\" style=\"font-size:80px\">25<\/h2>\n\n\n\n<hr class=\"wp-block-separator has-text-color has-ast-global-color-4-color has-css-opacity has-ast-global-color-4-background-color has-background aligncenter\"\/>\n\n\n\n<p class=\"has-text-align-center has-white-color has-text-color\">PUBLICATIONS<\/p>\n<\/div>\n\n\n\n<div class=\"wp-block-column is-layout-flow wp-block-column-is-layout-flow\">\n<h2 class=\"wp-block-heading has-text-align-center has-white-color has-text-color\" style=\"font-size:80px\">117<\/h2>\n\n\n\n<hr class=\"wp-block-separator has-text-color has-ast-global-color-4-color has-css-opacity has-ast-global-color-4-background-color has-background aligncenter\"\/>\n\n\n\n<p class=\"has-text-align-center has-white-color has-text-color\">SHOWS<\/p>\n<\/div>\n\n\n\n<div class=\"wp-block-column is-layout-flow wp-block-column-is-layout-flow\">\n<h2 class=\"wp-block-heading has-text-align-center has-white-color has-text-color\" style=\"font-size:80px\">76<\/h2>\n\n\n\n<hr class=\"wp-block-separator has-text-color has-ast-global-color-4-color has-css-opacity has-ast-global-color-4-background-color has-background aligncenter\"\/>\n\n\n\n<p class=\"has-text-align-center has-white-color has-text-color\">COMPANIES<\/p>\n<\/div>\n\n\n\n<div class=\"wp-block-column is-layout-flow wp-block-column-is-layout-flow\">\n<h2 class=\"wp-block-heading has-text-align-center has-white-color has-text-color\" style=\"font-size:80px\">84<\/h2>\n\n\n\n<hr class=\"wp-block-separator has-text-color has-ast-global-color-4-color has-css-opacity has-ast-global-color-4-background-color has-background aligncenter\"\/>\n\n\n\n<p class=\"has-text-align-center has-white-color has-text-color\">AWARDAS<\/p>\n<\/div>\n<\/div>\n<\/div><\/div>\n\n\n\n<div class=\"inherit-container-width wp-block-group alignfull has-ast-global-color-5-background-color has-background is-layout-constrained wp-block-group-is-layout-constrained\"><div class=\"wp-block-group__inner-container\">\n<h2 class=\"wp-block-heading has-text-align-center\">Upcoming Events<\/h2>\n\n\n\n<hr class=\"wp-block-separator has-text-color has-ast-global-color-1-color has-css-opacity has-ast-global-color-1-background-color has-background aligncenter\"\/>\n\n\n\n<p class=\"has-text-align-center\">Nibh non tellus tincidunt<\/p>\n\n\n\n<div class=\"wp-block-columns is-layout-flex wp-container-26 wp-block-columns-is-layout-flex\">\n<div class=\"wp-block-column is-layout-flow wp-block-column-is-layout-flow\" style=\"flex-basis:32.5%\">\n<div class=\"inherit-container-width wp-block-group has-ast-global-color-4-background-color has-background is-layout-constrained wp-block-group-is-layout-constrained\"><div class=\"wp-block-group__inner-container\">\n<p>26th December 2018<\/p>\n\n\n\n<h3 class=\"wp-block-heading\">Brand Design Strategy<\/h3>\n\n\n\n<hr class=\"wp-block-separator has-text-color has-ast-global-color-1-color has-css-opacity has-ast-global-color-1-background-color has-background is-style-wide\"\/>\n\n\n\n<p>Consectetur adipiscing elit. Vestibulum at porttitor mi. Phasellus rhoncus ultricies est pharetra finibus.<\/p>\n\n\n\n<div class=\"wp-block-buttons is-layout-flex wp-block-buttons-is-layout-flex\">\n<div class=\"wp-block-button\"><a class=\"wp-block-button__link has-ast-global-color-5-color has-ast-global-color-2-background-color has-text-color has-background wp-element-button\">Enroll<\/a><\/div>\n<\/div>\n<\/div><\/div>\n<\/div>\n\n\n\n<div class=\"wp-block-column is-layout-flow wp-block-column-is-layout-flow\" style=\"flex-basis:33%\">\n<div class=\"inherit-container-width wp-block-group has-ast-global-color-4-background-color has-background is-layout-constrained wp-block-group-is-layout-constrained\"><div class=\"wp-block-group__inner-container\">\n<p>31st January 2019<\/p>\n\n\n\n<h3 class=\"wp-block-heading\">Cross BEP Within 6 Months<\/h3>\n\n\n\n<hr class=\"wp-block-separator has-text-color has-ast-global-color-1-color has-css-opacity has-ast-global-color-1-background-color has-background is-style-wide\"\/>\n\n\n\n<p>Consectetur adipiscing elit. Vestibulum at porttitor mi. Phasellus rhoncus ultricies est pharetra finibus.<\/p>\n\n\n\n<div class=\"wp-block-buttons is-layout-flex wp-block-buttons-is-layout-flex\">\n<div class=\"wp-block-button\"><a class=\"wp-block-button__link has-ast-global-color-5-color has-ast-global-color-2-background-color has-text-color has-background wp-element-button\">Enroll<\/a><\/div>\n<\/div>\n<\/div><\/div>\n<\/div>\n\n\n\n<div class=\"wp-block-column is-layout-flow wp-block-column-is-layout-flow\" style=\"flex-basis:33%\">\n<div class=\"inherit-container-width wp-block-group has-ast-global-color-4-background-color has-background is-layout-constrained wp-block-group-is-layout-constrained\"><div class=\"wp-block-group__inner-container\">\n<p>24th February 2019<\/p>\n\n\n\n<h3 class=\"wp-block-heading\">Acquiring Old Businesses<\/h3>\n\n\n\n<hr class=\"wp-block-separator has-text-color has-ast-global-color-1-color has-css-opacity has-ast-global-color-1-background-color has-background is-style-wide\"\/>\n\n\n\n<p>Consectetur adipiscing elit. Vestibulum at porttitor mi. Phasellus rhoncus ultricies est pharetra finibus.<\/p>\n\n\n\n<div class=\"wp-block-buttons is-layout-flex wp-block-buttons-is-layout-flex\">\n<div class=\"wp-block-button\"><a class=\"wp-block-button__link has-ast-global-color-5-color has-ast-global-color-2-background-color has-text-color has-background wp-element-button\">Enroll<\/a><\/div>\n<\/div>\n<\/div><\/div>\n<\/div>\n<\/div>\n<\/div><\/div>\n\n\n\n<p><\/p>\n","protected":false},"excerpt":{"rendered":"<p>Desde el comienzo de mi carrera, siempre fui un joven con una mente inquieta y desafiante. A pesar de graduarme en Publicidad y Relaciones P\u00fablicas a los 25 a\u00f1os, albergaba numerosas ambiciones e ideas creativas en mi interior. Mis primeros empleos, como camarero y dependiente en una conocida cadena de muebles, me brindaron experiencias valiosas, &hellip;<\/p>\n<p class=\"read-more\"> <a class=\"\" href=\"https:\/\/rubenferre.com\/index.php\/about-me\/\"> <span class=\"screen-reader-text\">Sobre mi<\/span> Read More &raquo;<\/a><\/p>\n","protected":false},"author":1,"featured_media":0,"parent":0,"menu_order":0,"comment_status":"closed","ping_status":"closed","template":"","meta":{"_uag_custom_page_level_css":"","_monsterinsights_skip_tracking":false,"_monsterinsights_sitenote_active":false,"_monsterinsights_sitenote_note":"","_monsterinsights_sitenote_category":0,"site-sidebar-layout":"no-sidebar","site-content-layout":"plain-container","ast-site-content-layout":"normal-width-container","site-content-style":"unboxed","site-sidebar-style":"unboxed","ast-global-header-display":"","ast-banner-title-visibility":"","ast-main-header-display":"","ast-hfb-above-header-display":"","ast-hfb-below-header-display":"","ast-hfb-mobile-header-display":"","site-post-title":"disabled","ast-breadcrumbs-content":"","ast-featured-img":"disabled","footer-sml-layout":"","theme-transparent-header-meta":"enabled","adv-header-id-meta":"","stick-header-meta":"","header-above-stick-meta":"","header-main-stick-meta":"","header-below-stick-meta":"","astra-migrate-meta-layouts":"set","footnotes":""},"aioseo_notices":[],"uagb_featured_image_src":{"full":false,"thumbnail":false,"medium":false,"medium_large":false,"large":false,"1536x1536":false,"2048x2048":false,"woocommerce_thumbnail":false,"woocommerce_single":false,"woocommerce_gallery_thumbnail":false},"uagb_author_info":{"display_name":"rubenferre.com","author_link":"https:\/\/rubenferre.com\/index.php\/author\/rubenferre-com\/"},"uagb_comment_info":0,"uagb_excerpt":"Desde el comienzo de mi carrera, siempre fui un joven con una mente inquieta y desafiante. A pesar de graduarme en Publicidad y Relaciones P\u00fablicas a los 25 a\u00f1os, albergaba numerosas ambiciones e ideas creativas en mi interior. Mis primeros empleos, como camarero y dependiente en una conocida cadena de muebles, me brindaron experiencias valiosas,&hellip;","_links":{"self":[{"href":"https:\/\/rubenferre.com\/index.php\/wp-json\/wp\/v2\/pages\/25265"}],"collection":[{"href":"https:\/\/rubenferre.com\/index.php\/wp-json\/wp\/v2\/pages"}],"about":[{"href":"https:\/\/rubenferre.com\/index.php\/wp-json\/wp\/v2\/types\/page"}],"author":[{"embeddable":true,"href":"https:\/\/rubenferre.com\/index.php\/wp-json\/wp\/v2\/users\/1"}],"replies":[{"embeddable":true,"href":"https:\/\/rubenferre.com\/index.php\/wp-json\/wp\/v2\/comments?post=25265"}],"version-history":[{"count":3,"href":"https:\/\/rubenferre.com\/index.php\/wp-json\/wp\/v2\/pages\/25265\/revisions"}],"predecessor-version":[{"id":25567,"href":"https:\/\/rubenferre.com\/index.php\/wp-json\/wp\/v2\/pages\/25265\/revisions\/25567"}],"wp:attachment":[{"href":"https:\/\/rubenferre.com\/index.php\/wp-json\/wp\/v2\/media?parent=25265"}],"curies":[{"name":"wp","href":"https:\/\/api.w.org\/{rel}","templated":true}]}}