{"id":25266,"date":"2021-01-29T06:07:03","date_gmt":"2021-01-29T06:07:03","guid":{"rendered":"https:\/\/rubenferre.com\/index.php\/blog\/"},"modified":"2023-08-22T10:42:14","modified_gmt":"2023-08-22T08:42:14","slug":"blog","status":"publish","type":"page","link":"https:\/\/rubenferre.com\/index.php\/blog\/","title":{"rendered":"Blog"},"content":{"rendered":"\n<div class=\"wp-block-cover alignfull has-background-dim-80 has-ast-global-color-3-background-color has-background-dim\" style=\"min-height:550px\"><img decoding=\"async\" loading=\"lazy\" width=\"1920\" height=\"1080\" class=\"wp-block-cover__image-background wp-image-25005\" alt=\"\" src=\"http:\/\/rubenferre.com\/wp-content\/uploads\/2018\/12\/about-me-header-free-img-1.jpg\" data-object-fit=\"cover\" srcset=\"https:\/\/rubenferre.com\/wp-content\/uploads\/2018\/12\/about-me-header-free-img-1.jpg 1920w, https:\/\/rubenferre.com\/wp-content\/uploads\/2018\/12\/about-me-header-free-img-1-300x169.jpg 300w, https:\/\/rubenferre.com\/wp-content\/uploads\/2018\/12\/about-me-header-free-img-1-1024x576.jpg 1024w, https:\/\/rubenferre.com\/wp-content\/uploads\/2018\/12\/about-me-header-free-img-1-768x432.jpg 768w, https:\/\/rubenferre.com\/wp-content\/uploads\/2018\/12\/about-me-header-free-img-1-1536x864.jpg 1536w, https:\/\/rubenferre.com\/wp-content\/uploads\/2018\/12\/about-me-header-free-img-1-600x338.jpg 600w\" sizes=\"(max-width: 1920px) 100vw, 1920px\" \/><div class=\"wp-block-cover__inner-container is-layout-flow wp-block-cover-is-layout-flow\">\n<p class=\"has-text-align-center\">Fresh from the press<\/p>\n\n\n\n<h1 class=\"has-text-align-center wp-block-heading\">Blog<\/h1>\n<\/div><\/div>\n\n\n\n<div class=\"wp-block-group alignfull has-ast-global-color-5-background-color has-background is-layout-flow wp-block-group-is-layout-flow\"><div class=\"wp-block-group__inner-container\">\n<div class=\"wp-block-columns is-layout-flex wp-container-6 wp-block-columns-is-layout-flex\">\n<div class=\"wp-block-column is-vertically-aligned-center is-layout-flow wp-block-column-is-layout-flow\">\n<div class=\"wp-block-cover has-background-dim-70 has-ast-global-color-3-background-color has-background-dim\"><img decoding=\"async\" loading=\"lazy\" width=\"1200\" height=\"700\" class=\"wp-block-cover__image-background wp-image-25074\" alt=\"\" src=\"http:\/\/rubenferre.com\/wp-content\/uploads\/2018\/12\/post1-free-img.jpg\" data-object-fit=\"cover\" srcset=\"https:\/\/rubenferre.com\/wp-content\/uploads\/2018\/12\/post1-free-img.jpg 1200w, https:\/\/rubenferre.com\/wp-content\/uploads\/2018\/12\/post1-free-img-300x175.jpg 300w, https:\/\/rubenferre.com\/wp-content\/uploads\/2018\/12\/post1-free-img-1024x597.jpg 1024w, https:\/\/rubenferre.com\/wp-content\/uploads\/2018\/12\/post1-free-img-768x448.jpg 768w, https:\/\/rubenferre.com\/wp-content\/uploads\/2018\/12\/post1-free-img-600x350.jpg 600w\" sizes=\"(max-width: 1200px) 100vw, 1200px\" \/><div class=\"wp-block-cover__inner-container is-layout-flow wp-block-cover-is-layout-flow\">\n<h3 class=\"wp-block-heading\">Look at your Business from a new perspective<\/h3>\n\n\n\n<p>Consectetur adipiscing elit. Vestibulum at porttitor mi. Phasellus rhoncus ultricies est pharetra finibus. Fusce eget egestas nibh. Aliquam blandit sem tempor mi facilisis sagittis. Nulla augue urna, viverra ut felis, tempor commodo ligula. Morbi pulvinar\u2026<\/p>\n<\/div><\/div>\n<\/div>\n\n\n\n<div class=\"wp-block-column is-vertically-aligned-center is-layout-flow wp-block-column-is-layout-flow\">\n<div class=\"wp-block-cover has-background-dim-70 has-ast-global-color-3-background-color has-background-dim\"><img decoding=\"async\" loading=\"lazy\" width=\"1200\" height=\"700\" class=\"wp-block-cover__image-background wp-image-25119\" alt=\"\" src=\"http:\/\/rubenferre.com\/wp-content\/uploads\/2018\/12\/blog6-free-img.jpg\" data-object-fit=\"cover\" srcset=\"https:\/\/rubenferre.com\/wp-content\/uploads\/2018\/12\/blog6-free-img.jpg 1200w, https:\/\/rubenferre.com\/wp-content\/uploads\/2018\/12\/blog6-free-img-300x175.jpg 300w, https:\/\/rubenferre.com\/wp-content\/uploads\/2018\/12\/blog6-free-img-1024x597.jpg 1024w, https:\/\/rubenferre.com\/wp-content\/uploads\/2018\/12\/blog6-free-img-768x448.jpg 768w, https:\/\/rubenferre.com\/wp-content\/uploads\/2018\/12\/blog6-free-img-600x350.jpg 600w\" sizes=\"(max-width: 1200px) 100vw, 1200px\" \/><div class=\"wp-block-cover__inner-container is-layout-flow wp-block-cover-is-layout-flow\">\n<h3 class=\"wp-block-heading\">How you can also be a billionaire?<\/h3>\n\n\n\n<p>Nulla consequat lorem ipsum dolor sit amet, consectetuer adipiscing elit. Aenean commodo ligula eget dolor. Aenean massa. Cum sociis natoque penatibus et magnis dis parturient montes, nascetur ridiculus mus. Donec quam felis, ultricies nec, pellentesque\u2026<\/p>\n<\/div><\/div>\n<\/div>\n<\/div>\n<\/div><\/div>\n\n\n\n<div class=\"wp-block-group alignfull has-ast-global-color-5-background-color has-background is-layout-flow wp-block-group-is-layout-flow\"><div class=\"wp-block-group__inner-container\"><ul class=\"wp-block-latest-posts__list is-grid columns-3 wp-block-latest-posts\"><li><a class=\"wp-block-latest-posts__post-title\" href=\"https:\/\/rubenferre.com\/index.php\/2023\/08\/22\/descubre-las-claves-del-exito-financiero-y-personal\/\">Descubre las claves del \u00e9xito financiero y personal<\/a><div class=\"wp-block-latest-posts__post-excerpt\">El camino hacia el \u00e9xito financiero y personal \u00a1Bienvenido a mi blog! En este espacio, te guiar\u00e9 en el camino hacia el \u00e9xito financiero y \u2026 <a href=\"https:\/\/rubenferre.com\/index.php\/2023\/08\/22\/descubre-las-claves-del-exito-financiero-y-personal\/\" rel=\"noopener noreferrer\">Read more<\/a><\/div><\/li>\n<li><a class=\"wp-block-latest-posts__post-title\" href=\"https:\/\/rubenferre.com\/index.php\/2023\/08\/22\/descubre-como-alcanzar-el-exito-financiero-y-personal\/\">Descubre c\u00f3mo alcanzar el \u00e9xito financiero y personal<\/a><div class=\"wp-block-latest-posts__post-excerpt\">El poder del desarrollo personal En el camino hacia el \u00e9xito financiero y personal, el desarrollo personal juega un papel fundamental. Es importante dedicar tiempo \u2026 <a href=\"https:\/\/rubenferre.com\/index.php\/2023\/08\/22\/descubre-como-alcanzar-el-exito-financiero-y-personal\/\" rel=\"noopener noreferrer\">Read more<\/a><\/div><\/li>\n<li><a class=\"wp-block-latest-posts__post-title\" href=\"https:\/\/rubenferre.com\/index.php\/2023\/08\/22\/desbloquea-tu-maximo-potencial-y-alcanza-el-exito-personal-y-profesional\/\">Desbloquea tu m\u00e1ximo potencial y alcanza el \u00e9xito personal y profesional<\/a><div class=\"wp-block-latest-posts__post-excerpt\">Descubre tu m\u00e1ximo potencial En el camino hacia el \u00e9xito personal y profesional, es fundamental desbloquear tu m\u00e1ximo potencial. Todos tenemos habilidades y talentos \u00fanicos \u2026 <a href=\"https:\/\/rubenferre.com\/index.php\/2023\/08\/22\/desbloquea-tu-maximo-potencial-y-alcanza-el-exito-personal-y-profesional\/\" rel=\"noopener noreferrer\">Read more<\/a><\/div><\/li>\n<li><a class=\"wp-block-latest-posts__post-title\" href=\"https:\/\/rubenferre.com\/index.php\/2023\/08\/22\/7-estrategias-para-desbloquear-tu-potencial-y-alcanzar-el-exito-financiero\/\">7 Estrategias para Desbloquear tu Potencial y Alcanzar el \u00c9xito Financiero<\/a><div class=\"wp-block-latest-posts__post-excerpt\">Introducci\u00f3n Hola y bienvenido a nuestro blog, donde encontrar\u00e1s consejos, herramientas y estrategias para potenciar tu crecimiento personal y profesional. En esta ocasi\u00f3n, queremos compartir \u2026 <a href=\"https:\/\/rubenferre.com\/index.php\/2023\/08\/22\/7-estrategias-para-desbloquear-tu-potencial-y-alcanzar-el-exito-financiero\/\" rel=\"noopener noreferrer\">Read more<\/a><\/div><\/li>\n<li><a class=\"wp-block-latest-posts__post-title\" href=\"https:\/\/rubenferre.com\/index.php\/2023\/08\/22\/potencia-tu-marca-personal-y-alcanza-el-exito-financiero\/\">Potencia tu marca personal y alcanza el \u00e9xito financiero<\/a><div class=\"wp-block-latest-posts__post-excerpt\">Desbloquea tu m\u00e1ximo potencial Bienvenido a un espacio dise\u00f1ado para potenciar tu crecimiento y \u00e9xito personal. Aqu\u00ed encontrar\u00e1s estrategias comprobadas que te permitir\u00e1n desbloquear tu \u2026 <a href=\"https:\/\/rubenferre.com\/index.php\/2023\/08\/22\/potencia-tu-marca-personal-y-alcanza-el-exito-financiero\/\" rel=\"noopener noreferrer\">Read more<\/a><\/div><\/li>\n<\/ul><\/div><\/div>\n","protected":false},"excerpt":{"rendered":"","protected":false},"author":1,"featured_media":0,"parent":0,"menu_order":0,"comment_status":"closed","ping_status":"closed","template":"","meta":{"_uag_custom_page_level_css":"","_monsterinsights_skip_tracking":false,"_monsterinsights_sitenote_active":false,"_monsterinsights_sitenote_note":"","_monsterinsights_sitenote_category":0,"site-sidebar-layout":"no-sidebar","site-content-layout":"plain-container","ast-site-content-layout":"","site-content-style":"default","site-sidebar-style":"default","ast-global-header-display":"","ast-banner-title-visibility":"","ast-main-header-display":"","ast-hfb-above-header-display":"","ast-hfb-below-header-display":"","ast-hfb-mobile-header-display":"","site-post-title":"disabled","ast-breadcrumbs-content":"","ast-featured-img":"disabled","footer-sml-layout":"","theme-transparent-header-meta":"default","adv-header-id-meta":"","stick-header-meta":"","header-above-stick-meta":"","header-main-stick-meta":"","header-below-stick-meta":"","astra-migrate-meta-layouts":"","footnotes":""},"aioseo_notices":[],"uagb_featured_image_src":{"full":false,"thumbnail":false,"medium":false,"medium_large":false,"large":false,"1536x1536":false,"2048x2048":false,"woocommerce_thumbnail":false,"woocommerce_single":false,"woocommerce_gallery_thumbnail":false},"uagb_author_info":{"display_name":"rubenferre.com","author_link":"https:\/\/rubenferre.com\/index.php\/author\/rubenferre-com\/"},"uagb_comment_info":0,"uagb_excerpt":null,"_links":{"self":[{"href":"https:\/\/rubenferre.com\/index.php\/wp-json\/wp\/v2\/pages\/25266"}],"collection":[{"href":"https:\/\/rubenferre.com\/index.php\/wp-json\/wp\/v2\/pages"}],"about":[{"href":"https:\/\/rubenferre.com\/index.php\/wp-json\/wp\/v2\/types\/page"}],"author":[{"embeddable":true,"href":"https:\/\/rubenferre.com\/index.php\/wp-json\/wp\/v2\/users\/1"}],"replies":[{"embeddable":true,"href":"https:\/\/rubenferre.com\/index.php\/wp-json\/wp\/v2\/comments?post=25266"}],"version-history":[{"count":1,"href":"https:\/\/rubenferre.com\/index.php\/wp-json\/wp\/v2\/pages\/25266\/revisions"}],"predecessor-version":[{"id":25461,"href":"https:\/\/rubenferre.com\/index.php\/wp-json\/wp\/v2\/pages\/25266\/revisions\/25461"}],"wp:attachment":[{"href":"https:\/\/rubenferre.com\/index.php\/wp-json\/wp\/v2\/media?parent=25266"}],"curies":[{"name":"wp","href":"https:\/\/api.w.org\/{rel}","templated":true}]}}